{"id":20595,"date":"2024-03-29T11:31:02","date_gmt":"2024-03-29T11:31:02","guid":{"rendered":"https:\/\/www.gaiamoveis.com\/pt\/?page_id=20595"},"modified":"2025-12-10T22:44:55","modified_gmt":"2025-12-10T22:44:55","slug":"low-cost","status":"publish","type":"page","link":"https:\/\/www.gaiamoveis.com\/pt\/low-cost\/","title":{"rendered":"Low &#8211; Cost"},"content":{"rendered":"\t\t<div data-elementor-type=\"wp-page\" data-elementor-id=\"20595\" class=\"elementor elementor-20595\" data-elementor-post-type=\"page\">\n\t\t\t\t\t\t<section class=\"elementor-section elementor-top-section elementor-element elementor-element-fc7a173 elementor-section-height-min-height elementor-section-boxed elementor-section-height-default elementor-section-items-middle\" data-id=\"fc7a173\" data-element_type=\"section\" data-e-type=\"section\" data-settings=\"{&quot;background_background&quot;:&quot;classic&quot;}\">\n\t\t\t\t\t\t\t<div class=\"elementor-background-overlay\"><\/div>\n\t\t\t\t\t\t\t<div class=\"elementor-container elementor-column-gap-default\">\n\t\t\t\t\t<div class=\"elementor-column elementor-col-100 elementor-top-column elementor-element elementor-element-94c6403\" data-id=\"94c6403\" data-element_type=\"column\" data-e-type=\"column\">\n\t\t\t<div class=\"elementor-widget-wrap elementor-element-populated\">\n\t\t\t\t\t\t<section class=\"elementor-section elementor-inner-section elementor-element elementor-element-e277c35 elementor-section-boxed elementor-section-height-default elementor-section-height-default\" data-id=\"e277c35\" data-element_type=\"section\" data-e-type=\"section\">\n\t\t\t\t\t\t<div class=\"elementor-container elementor-column-gap-default\">\n\t\t\t\t\t<div class=\"elementor-column elementor-col-50 elementor-inner-column elementor-element elementor-element-741e15e\" data-id=\"741e15e\" data-element_type=\"column\" data-e-type=\"column\">\n\t\t\t<div class=\"elementor-widget-wrap elementor-element-populated\">\n\t\t\t\t\t\t<div class=\"elementor-element elementor-element-fe7567a elementor-widget elementor-widget-heading\" data-id=\"fe7567a\" data-element_type=\"widget\" data-e-type=\"widget\" data-widget_type=\"heading.default\">\n\t\t\t\t<div class=\"elementor-widget-container\">\n\t\t\t\t\t<h1 class=\"elementor-heading-title elementor-size-default\">Low-cost <b>Gaia M\u00f3veis<\/b><\/h1>\t\t\t\t<\/div>\n\t\t\t\t<\/div>\n\t\t\t\t<div class=\"elementor-element elementor-element-818a256 elementor-widget elementor-widget-text-editor\" data-id=\"818a256\" data-element_type=\"widget\" data-e-type=\"widget\" data-widget_type=\"text-editor.default\">\n\t\t\t\t<div class=\"elementor-widget-container\">\n\t\t\t\t\t\t\t\t\t<p>A melhor rela\u00e7\u00e3o qualidade pre\u00e7o em produtos low-cost das diferentes categorias de decora\u00e7\u00e3o.<\/p>\t\t\t\t\t\t\t\t<\/div>\n\t\t\t\t<\/div>\n\t\t\t\t<div class=\"elementor-element elementor-element-4fd3199 elementor-nav-menu__align-start elementor-nav-menu--dropdown-none elementor-widget elementor-widget-nav-menu\" data-id=\"4fd3199\" data-element_type=\"widget\" data-e-type=\"widget\" data-settings=\"{&quot;layout&quot;:&quot;vertical&quot;,&quot;submenu_icon&quot;:{&quot;value&quot;:&quot;&lt;i class=\\&quot;fas fa-caret-down\\&quot; aria-hidden=\\&quot;true\\&quot;&gt;&lt;\\\/i&gt;&quot;,&quot;library&quot;:&quot;fa-solid&quot;}}\" data-widget_type=\"nav-menu.default\">\n\t\t\t\t<div class=\"elementor-widget-container\">\n\t\t\t\t\t\t\t\t<nav aria-label=\"Menu\" class=\"elementor-nav-menu--main elementor-nav-menu__container elementor-nav-menu--layout-vertical e--pointer-underline e--animation-fade\">\n\t\t\t\t<ul id=\"menu-1-4fd3199\" class=\"elementor-nav-menu sm-vertical\"><li class=\"menu-item menu-item-type-taxonomy menu-item-object-category menu-item-20605\"><a href=\"https:\/\/www.gaiamoveis.com\/pt\/category\/colecoes-low-cost\/\" class=\"elementor-item\">Cole\u00e7\u00f5es Low-cost<\/a><\/li>\n<\/ul>\t\t\t<\/nav>\n\t\t\t\t\t\t<nav class=\"elementor-nav-menu--dropdown elementor-nav-menu__container\" aria-hidden=\"true\">\n\t\t\t\t<ul id=\"menu-2-4fd3199\" class=\"elementor-nav-menu sm-vertical\"><li class=\"menu-item menu-item-type-taxonomy menu-item-object-category menu-item-20605\"><a href=\"https:\/\/www.gaiamoveis.com\/pt\/category\/colecoes-low-cost\/\" class=\"elementor-item\" tabindex=\"-1\">Cole\u00e7\u00f5es Low-cost<\/a><\/li>\n<\/ul>\t\t\t<\/nav>\n\t\t\t\t\t\t<\/div>\n\t\t\t\t<\/div>\n\t\t\t\t<div class=\"elementor-element elementor-element-80b8fdd e-grid-align-left elementor-shape-rounded elementor-grid-0 elementor-widget elementor-widget-social-icons\" data-id=\"80b8fdd\" data-element_type=\"widget\" data-e-type=\"widget\" data-widget_type=\"social-icons.default\">\n\t\t\t\t<div class=\"elementor-widget-container\">\n\t\t\t\t\t\t\t<div class=\"elementor-social-icons-wrapper elementor-grid\" role=\"list\">\n\t\t\t\t\t\t\t<span class=\"elementor-grid-item\" role=\"listitem\">\n\t\t\t\t\t<a class=\"elementor-icon elementor-social-icon elementor-social-icon-phone-alt elementor-repeater-item-22f14c0\" href=\"tel:00351933764020\" target=\"_blank\">\n\t\t\t\t\t\t<span class=\"elementor-screen-only\">Phone-alt<\/span>\n\t\t\t\t\t\t<i aria-hidden=\"true\" class=\"fas fa-phone-alt\"><\/i>\t\t\t\t\t<\/a>\n\t\t\t\t<\/span>\n\t\t\t\t\t\t\t<span class=\"elementor-grid-item\" role=\"listitem\">\n\t\t\t\t\t<a class=\"elementor-icon elementor-social-icon elementor-social-icon-paper-plane elementor-repeater-item-2437c55\" href=\"mailto:geral@gaiamoveis.com\" target=\"_blank\">\n\t\t\t\t\t\t<span class=\"elementor-screen-only\">Paper-plane<\/span>\n\t\t\t\t\t\t<i aria-hidden=\"true\" class=\"fas fa-paper-plane\"><\/i>\t\t\t\t\t<\/a>\n\t\t\t\t<\/span>\n\t\t\t\t\t\t\t<span class=\"elementor-grid-item\" role=\"listitem\">\n\t\t\t\t\t<a class=\"elementor-icon elementor-social-icon elementor-social-icon-facebook-messenger elementor-repeater-item-e586432\" href=\"https:\/\/m.me\/gaiamoveis\" target=\"_blank\">\n\t\t\t\t\t\t<span class=\"elementor-screen-only\">Facebook-messenger<\/span>\n\t\t\t\t\t\t<i aria-hidden=\"true\" class=\"fab fa-facebook-messenger\"><\/i>\t\t\t\t\t<\/a>\n\t\t\t\t<\/span>\n\t\t\t\t\t\t\t<span class=\"elementor-grid-item\" role=\"listitem\">\n\t\t\t\t\t<a class=\"elementor-icon elementor-social-icon elementor-social-icon-whatsapp elementor-repeater-item-7bc24e2\" href=\"https:\/\/wa.me\/351933764020?text=Preciso%20de%20uma%20informa%C3%A7%C3%A3o...\" target=\"_blank\">\n\t\t\t\t\t\t<span class=\"elementor-screen-only\">Whatsapp<\/span>\n\t\t\t\t\t\t<i aria-hidden=\"true\" class=\"fab fa-whatsapp\"><\/i>\t\t\t\t\t<\/a>\n\t\t\t\t<\/span>\n\t\t\t\t\t\t\t<span class=\"elementor-grid-item\" role=\"listitem\">\n\t\t\t\t\t<a class=\"elementor-icon elementor-social-icon elementor-social-icon-instagram elementor-repeater-item-731c766\" href=\"https:\/\/www.instagram.com\/gaiamoveis\/\" target=\"_blank\">\n\t\t\t\t\t\t<span class=\"elementor-screen-only\">Instagram<\/span>\n\t\t\t\t\t\t<i aria-hidden=\"true\" class=\"fab fa-instagram\"><\/i>\t\t\t\t\t<\/a>\n\t\t\t\t<\/span>\n\t\t\t\t\t\t\t<span class=\"elementor-grid-item\" role=\"listitem\">\n\t\t\t\t\t<a class=\"elementor-icon elementor-social-icon elementor-social-icon-facebook elementor-repeater-item-a85c3ad\" href=\"https:\/\/facebook.com\/gaiamoveis\/\" target=\"_blank\">\n\t\t\t\t\t\t<span class=\"elementor-screen-only\">Facebook<\/span>\n\t\t\t\t\t\t<i aria-hidden=\"true\" class=\"fab fa-facebook\"><\/i>\t\t\t\t\t<\/a>\n\t\t\t\t<\/span>\n\t\t\t\t\t<\/div>\n\t\t\t\t\t\t<\/div>\n\t\t\t\t<\/div>\n\t\t\t\t<div class=\"elementor-element elementor-element-e09afa0 elementor-nav-menu__align-start elementor-nav-menu--dropdown-none elementor-widget elementor-widget-nav-menu\" data-id=\"e09afa0\" data-element_type=\"widget\" data-e-type=\"widget\" data-settings=\"{&quot;layout&quot;:&quot;horizontal&quot;,&quot;submenu_icon&quot;:{&quot;value&quot;:&quot;&lt;i class=\\&quot;fas fa-caret-down\\&quot; aria-hidden=\\&quot;true\\&quot;&gt;&lt;\\\/i&gt;&quot;,&quot;library&quot;:&quot;fa-solid&quot;}}\" data-widget_type=\"nav-menu.default\">\n\t\t\t\t<div class=\"elementor-widget-container\">\n\t\t\t\t\t\t\t\t<nav aria-label=\"Menu\" class=\"elementor-nav-menu--main elementor-nav-menu__container elementor-nav-menu--layout-horizontal e--pointer-underline e--animation-fade\">\n\t\t\t\t<ul id=\"menu-1-e09afa0\" class=\"elementor-nav-menu\"><li class=\"menu-item menu-item-type-custom menu-item-object-custom menu-item-16979\"><a href=\"https:\/\/gaiamoveis.com\" class=\"elementor-item\">in\u00edcio<\/a><\/li>\n<li class=\"menu-item menu-item-type-post_type menu-item-object-page menu-item-16834\"><a href=\"https:\/\/www.gaiamoveis.com\/pt\/sofas\/\" class=\"elementor-item\">sof\u00e1s<\/a><\/li>\n<li class=\"menu-item menu-item-type-post_type menu-item-object-page menu-item-16835\"><a href=\"https:\/\/www.gaiamoveis.com\/pt\/salas\/\" class=\"elementor-item\">salas<\/a><\/li>\n<li class=\"menu-item menu-item-type-post_type menu-item-object-page menu-item-16837\"><a href=\"https:\/\/www.gaiamoveis.com\/pt\/quartos\/\" class=\"elementor-item\">quartos<\/a><\/li>\n<li class=\"menu-item menu-item-type-post_type menu-item-object-page menu-item-16833\"><a href=\"https:\/\/www.gaiamoveis.com\/pt\/decoracao-e-conforto\/\" class=\"elementor-item\">decora\u00e7\u00e3o &#038; conforto<\/a><\/li>\n<li class=\"menu-item menu-item-type-post_type menu-item-object-page menu-item-16832\"><a href=\"https:\/\/www.gaiamoveis.com\/pt\/iluminacao\/\" class=\"elementor-item\">ilumina\u00e7\u00e3o<\/a><\/li>\n<li class=\"menu-item menu-item-type-post_type menu-item-object-page menu-item-16836\"><a href=\"https:\/\/www.gaiamoveis.com\/pt\/contactos\/\" class=\"elementor-item\">Contactos<\/a><\/li>\n<\/ul>\t\t\t<\/nav>\n\t\t\t\t\t\t<nav class=\"elementor-nav-menu--dropdown elementor-nav-menu__container\" aria-hidden=\"true\">\n\t\t\t\t<ul id=\"menu-2-e09afa0\" class=\"elementor-nav-menu\"><li class=\"menu-item menu-item-type-custom menu-item-object-custom menu-item-16979\"><a href=\"https:\/\/gaiamoveis.com\" class=\"elementor-item\" tabindex=\"-1\">in\u00edcio<\/a><\/li>\n<li class=\"menu-item menu-item-type-post_type menu-item-object-page menu-item-16834\"><a href=\"https:\/\/www.gaiamoveis.com\/pt\/sofas\/\" class=\"elementor-item\" tabindex=\"-1\">sof\u00e1s<\/a><\/li>\n<li class=\"menu-item menu-item-type-post_type menu-item-object-page menu-item-16835\"><a href=\"https:\/\/www.gaiamoveis.com\/pt\/salas\/\" class=\"elementor-item\" tabindex=\"-1\">salas<\/a><\/li>\n<li class=\"menu-item menu-item-type-post_type menu-item-object-page menu-item-16837\"><a href=\"https:\/\/www.gaiamoveis.com\/pt\/quartos\/\" class=\"elementor-item\" tabindex=\"-1\">quartos<\/a><\/li>\n<li class=\"menu-item menu-item-type-post_type menu-item-object-page menu-item-16833\"><a href=\"https:\/\/www.gaiamoveis.com\/pt\/decoracao-e-conforto\/\" class=\"elementor-item\" tabindex=\"-1\">decora\u00e7\u00e3o &#038; conforto<\/a><\/li>\n<li class=\"menu-item menu-item-type-post_type menu-item-object-page menu-item-16832\"><a href=\"https:\/\/www.gaiamoveis.com\/pt\/iluminacao\/\" class=\"elementor-item\" tabindex=\"-1\">ilumina\u00e7\u00e3o<\/a><\/li>\n<li class=\"menu-item menu-item-type-post_type menu-item-object-page menu-item-16836\"><a href=\"https:\/\/www.gaiamoveis.com\/pt\/contactos\/\" class=\"elementor-item\" tabindex=\"-1\">Contactos<\/a><\/li>\n<\/ul>\t\t\t<\/nav>\n\t\t\t\t\t\t<\/div>\n\t\t\t\t<\/div>\n\t\t\t\t\t<\/div>\n\t\t<\/div>\n\t\t\t\t<div class=\"elementor-column elementor-col-50 elementor-inner-column elementor-element elementor-element-e87bd57\" data-id=\"e87bd57\" data-element_type=\"column\" data-e-type=\"column\">\n\t\t\t<div class=\"elementor-widget-wrap\">\n\t\t\t\t\t\t\t<\/div>\n\t\t<\/div>\n\t\t\t\t\t<\/div>\n\t\t<\/section>\n\t\t\t\t\t<\/div>\n\t\t<\/div>\n\t\t\t\t\t<\/div>\n\t\t<\/section>\n\t\t\t\t<\/div>\n\t\t","protected":false},"excerpt":{"rendered":"<p>Low-cost Gaia M\u00f3veis A melhor rela\u00e7\u00e3o qualidade pre\u00e7o em produtos low-cost das diferentes categorias de decora\u00e7\u00e3o. Phone-alt Paper-plane Facebook-messenger Whatsapp Instagram Facebook<\/p>\n","protected":false},"author":2,"featured_media":0,"parent":0,"menu_order":0,"comment_status":"closed","ping_status":"closed","template":"elementor_header_footer","meta":{"footnotes":""},"class_list":["post-20595","page","type-page","status-publish","hentry","entry"],"_links":{"self":[{"href":"https:\/\/www.gaiamoveis.com\/pt\/wp-json\/wp\/v2\/pages\/20595","targetHints":{"allow":["GET"]}}],"collection":[{"href":"https:\/\/www.gaiamoveis.com\/pt\/wp-json\/wp\/v2\/pages"}],"about":[{"href":"https:\/\/www.gaiamoveis.com\/pt\/wp-json\/wp\/v2\/types\/page"}],"author":[{"embeddable":true,"href":"https:\/\/www.gaiamoveis.com\/pt\/wp-json\/wp\/v2\/users\/2"}],"replies":[{"embeddable":true,"href":"https:\/\/www.gaiamoveis.com\/pt\/wp-json\/wp\/v2\/comments?post=20595"}],"version-history":[{"count":16,"href":"https:\/\/www.gaiamoveis.com\/pt\/wp-json\/wp\/v2\/pages\/20595\/revisions"}],"predecessor-version":[{"id":22126,"href":"https:\/\/www.gaiamoveis.com\/pt\/wp-json\/wp\/v2\/pages\/20595\/revisions\/22126"}],"wp:attachment":[{"href":"https:\/\/www.gaiamoveis.com\/pt\/wp-json\/wp\/v2\/media?parent=20595"}],"curies":[{"name":"wp","href":"https:\/\/api.w.org\/{rel}","templated":true}]}}