{"id":16624,"date":"2021-03-27T22:54:53","date_gmt":"2021-03-27T22:54:53","guid":{"rendered":"https:\/\/www.gaiamoveis.com\/pt\/?page_id=16624"},"modified":"2025-12-10T22:44:36","modified_gmt":"2025-12-10T22:44:36","slug":"iluminacao","status":"publish","type":"page","link":"https:\/\/www.gaiamoveis.com\/pt\/iluminacao\/","title":{"rendered":"ilumina\u00e7\u00e3o"},"content":{"rendered":"\t\t<div data-elementor-type=\"wp-page\" data-elementor-id=\"16624\" class=\"elementor elementor-16624\" data-elementor-post-type=\"page\">\n\t\t\t\t\t\t<section class=\"elementor-section elementor-top-section elementor-element elementor-element-6e12db5 elementor-section-height-min-height elementor-section-boxed elementor-section-height-default elementor-section-items-middle\" data-id=\"6e12db5\" data-element_type=\"section\" data-e-type=\"section\" data-settings=\"{&quot;background_background&quot;:&quot;classic&quot;}\">\n\t\t\t\t\t\t\t<div class=\"elementor-background-overlay\"><\/div>\n\t\t\t\t\t\t\t<div class=\"elementor-container elementor-column-gap-default\">\n\t\t\t\t\t<div class=\"elementor-column elementor-col-100 elementor-top-column elementor-element elementor-element-0989717\" data-id=\"0989717\" data-element_type=\"column\" data-e-type=\"column\">\n\t\t\t<div class=\"elementor-widget-wrap elementor-element-populated\">\n\t\t\t\t\t\t<section class=\"elementor-section elementor-inner-section elementor-element elementor-element-21411b2 elementor-section-boxed elementor-section-height-default elementor-section-height-default\" data-id=\"21411b2\" data-element_type=\"section\" data-e-type=\"section\">\n\t\t\t\t\t\t<div class=\"elementor-container elementor-column-gap-default\">\n\t\t\t\t\t<div class=\"elementor-column elementor-col-50 elementor-inner-column elementor-element elementor-element-ddb52de\" data-id=\"ddb52de\" data-element_type=\"column\" data-e-type=\"column\">\n\t\t\t<div class=\"elementor-widget-wrap elementor-element-populated\">\n\t\t\t\t\t\t<div class=\"elementor-element elementor-element-6ffe1b4 elementor-widget elementor-widget-heading\" data-id=\"6ffe1b4\" data-element_type=\"widget\" data-e-type=\"widget\" data-widget_type=\"heading.default\">\n\t\t\t\t<div class=\"elementor-widget-container\">\n\t\t\t\t\t<h1 class=\"elementor-heading-title elementor-size-default\">Ilumina\u00e7\u00e3o <b>Gaia M\u00f3veis<\/b><\/h1>\t\t\t\t<\/div>\n\t\t\t\t<\/div>\n\t\t\t\t<div class=\"elementor-element elementor-element-a89c46f elementor-widget elementor-widget-text-editor\" data-id=\"a89c46f\" data-element_type=\"widget\" data-e-type=\"widget\" data-widget_type=\"text-editor.default\">\n\t\t\t\t<div class=\"elementor-widget-container\">\n\t\t\t\t\t\t\t\t\t<p>Solu\u00e7\u00f5es de ilumina\u00e7\u00e3o criativas, candeeiros para interior e exterior. Finalize a sua decora\u00e7\u00e3o com um golpe de luz.<\/p>\t\t\t\t\t\t\t\t<\/div>\n\t\t\t\t<\/div>\n\t\t\t\t<div class=\"elementor-element elementor-element-cfb954c elementor-nav-menu__align-start elementor-nav-menu--dropdown-none elementor-widget elementor-widget-nav-menu\" data-id=\"cfb954c\" data-element_type=\"widget\" data-e-type=\"widget\" data-settings=\"{&quot;layout&quot;:&quot;vertical&quot;,&quot;submenu_icon&quot;:{&quot;value&quot;:&quot;&lt;i class=\\&quot;fas fa-caret-down\\&quot; aria-hidden=\\&quot;true\\&quot;&gt;&lt;\\\/i&gt;&quot;,&quot;library&quot;:&quot;fa-solid&quot;}}\" data-widget_type=\"nav-menu.default\">\n\t\t\t\t<div class=\"elementor-widget-container\">\n\t\t\t\t\t\t\t\t<nav aria-label=\"Menu\" class=\"elementor-nav-menu--main elementor-nav-menu__container elementor-nav-menu--layout-vertical e--pointer-underline e--animation-fade\">\n\t\t\t\t<ul id=\"menu-1-cfb954c\" class=\"elementor-nav-menu sm-vertical\"><li class=\"menu-item menu-item-type-custom menu-item-object-custom menu-item-16799\"><a href=\"https:\/\/dislamp.pt\/wp-content\/uploads\/catalogos\/dislight\/01%20Cat%C3%A1logo%20Decorativo%202025-26.pdf\" class=\"elementor-item\">Disdecor<\/a><\/li>\n<li class=\"menu-item menu-item-type-custom menu-item-object-custom menu-item-16798\"><a href=\"https:\/\/dislamp.pt\/wp-content\/uploads\/catalogos\/lucide\/01%20Cat\u00e1logo%20Lucide%20Geral%202025-2026.pdf\" class=\"elementor-item\">Lucide 2025-2026<\/a><\/li>\n<li class=\"menu-item menu-item-type-custom menu-item-object-custom menu-item-21514\"><a href=\"https:\/\/dislamp.pt\/wp-content\/uploads\/catalogos\/lucide\/02%20Cat\u00e1logo%20Lucide%20Premium.pdf\" class=\"elementor-item\">Lucide Premium<\/a><\/li>\n<li class=\"menu-item menu-item-type-custom menu-item-object-custom menu-item-16797\"><a href=\"https:\/\/dislamp.pt\/wp-content\/uploads\/catalogos\/novaluce\/01%20Cat\u00e1logo%20Nova%20Luce%20Decorativo%20Novidades%202025.pdf\" class=\"elementor-item\">Nova Luce Novidades 2025<\/a><\/li>\n<li class=\"menu-item menu-item-type-custom menu-item-object-custom menu-item-16806\"><a href=\"https:\/\/dislamp.pt\/wp-content\/uploads\/catalogos\/novaluce\/05%20Cat\u00e1logo%20Nova%20Luce%20Decorativo%20Novidades%202024.pdf\" class=\"elementor-item\">Nova Luce Novidades 2024<\/a><\/li>\n<li class=\"menu-item menu-item-type-custom menu-item-object-custom menu-item-21513\"><a href=\"https:\/\/dislamp.pt\/wp-content\/uploads\/catalogos\/paulneuhaus\/01%20Cat\u00e1logo%20Paul%20Neuhaus%202025-26.pdf\" class=\"elementor-item\">Paul Neuhaus 2025-2026<\/a><\/li>\n<\/ul>\t\t\t<\/nav>\n\t\t\t\t\t\t<nav class=\"elementor-nav-menu--dropdown elementor-nav-menu__container\" aria-hidden=\"true\">\n\t\t\t\t<ul id=\"menu-2-cfb954c\" class=\"elementor-nav-menu sm-vertical\"><li class=\"menu-item menu-item-type-custom menu-item-object-custom menu-item-16799\"><a href=\"https:\/\/dislamp.pt\/wp-content\/uploads\/catalogos\/dislight\/01%20Cat%C3%A1logo%20Decorativo%202025-26.pdf\" class=\"elementor-item\" tabindex=\"-1\">Disdecor<\/a><\/li>\n<li class=\"menu-item menu-item-type-custom menu-item-object-custom menu-item-16798\"><a href=\"https:\/\/dislamp.pt\/wp-content\/uploads\/catalogos\/lucide\/01%20Cat\u00e1logo%20Lucide%20Geral%202025-2026.pdf\" class=\"elementor-item\" tabindex=\"-1\">Lucide 2025-2026<\/a><\/li>\n<li class=\"menu-item menu-item-type-custom menu-item-object-custom menu-item-21514\"><a href=\"https:\/\/dislamp.pt\/wp-content\/uploads\/catalogos\/lucide\/02%20Cat\u00e1logo%20Lucide%20Premium.pdf\" class=\"elementor-item\" tabindex=\"-1\">Lucide Premium<\/a><\/li>\n<li class=\"menu-item menu-item-type-custom menu-item-object-custom menu-item-16797\"><a href=\"https:\/\/dislamp.pt\/wp-content\/uploads\/catalogos\/novaluce\/01%20Cat\u00e1logo%20Nova%20Luce%20Decorativo%20Novidades%202025.pdf\" class=\"elementor-item\" tabindex=\"-1\">Nova Luce Novidades 2025<\/a><\/li>\n<li class=\"menu-item menu-item-type-custom menu-item-object-custom menu-item-16806\"><a href=\"https:\/\/dislamp.pt\/wp-content\/uploads\/catalogos\/novaluce\/05%20Cat\u00e1logo%20Nova%20Luce%20Decorativo%20Novidades%202024.pdf\" class=\"elementor-item\" tabindex=\"-1\">Nova Luce Novidades 2024<\/a><\/li>\n<li class=\"menu-item menu-item-type-custom menu-item-object-custom menu-item-21513\"><a href=\"https:\/\/dislamp.pt\/wp-content\/uploads\/catalogos\/paulneuhaus\/01%20Cat\u00e1logo%20Paul%20Neuhaus%202025-26.pdf\" class=\"elementor-item\" tabindex=\"-1\">Paul Neuhaus 2025-2026<\/a><\/li>\n<\/ul>\t\t\t<\/nav>\n\t\t\t\t\t\t<\/div>\n\t\t\t\t<\/div>\n\t\t\t\t<div class=\"elementor-element elementor-element-ef2ea09 e-grid-align-left elementor-shape-rounded elementor-grid-0 elementor-widget elementor-widget-social-icons\" data-id=\"ef2ea09\" data-element_type=\"widget\" data-e-type=\"widget\" data-widget_type=\"social-icons.default\">\n\t\t\t\t<div class=\"elementor-widget-container\">\n\t\t\t\t\t\t\t<div class=\"elementor-social-icons-wrapper elementor-grid\" role=\"list\">\n\t\t\t\t\t\t\t<span class=\"elementor-grid-item\" role=\"listitem\">\n\t\t\t\t\t<a class=\"elementor-icon elementor-social-icon elementor-social-icon-phone-alt elementor-repeater-item-22f14c0\" href=\"tel:00351933764020\" target=\"_blank\">\n\t\t\t\t\t\t<span class=\"elementor-screen-only\">Phone-alt<\/span>\n\t\t\t\t\t\t<i aria-hidden=\"true\" class=\"fas fa-phone-alt\"><\/i>\t\t\t\t\t<\/a>\n\t\t\t\t<\/span>\n\t\t\t\t\t\t\t<span class=\"elementor-grid-item\" role=\"listitem\">\n\t\t\t\t\t<a class=\"elementor-icon elementor-social-icon elementor-social-icon-paper-plane elementor-repeater-item-2437c55\" href=\"mailto:geral@gaiamoveis.com\" target=\"_blank\">\n\t\t\t\t\t\t<span class=\"elementor-screen-only\">Paper-plane<\/span>\n\t\t\t\t\t\t<i aria-hidden=\"true\" class=\"fas fa-paper-plane\"><\/i>\t\t\t\t\t<\/a>\n\t\t\t\t<\/span>\n\t\t\t\t\t\t\t<span class=\"elementor-grid-item\" role=\"listitem\">\n\t\t\t\t\t<a class=\"elementor-icon elementor-social-icon elementor-social-icon-facebook-messenger elementor-repeater-item-e586432\" href=\"https:\/\/m.me\/gaiamoveis\" target=\"_blank\">\n\t\t\t\t\t\t<span class=\"elementor-screen-only\">Facebook-messenger<\/span>\n\t\t\t\t\t\t<i aria-hidden=\"true\" class=\"fab fa-facebook-messenger\"><\/i>\t\t\t\t\t<\/a>\n\t\t\t\t<\/span>\n\t\t\t\t\t\t\t<span class=\"elementor-grid-item\" role=\"listitem\">\n\t\t\t\t\t<a class=\"elementor-icon elementor-social-icon elementor-social-icon-whatsapp elementor-repeater-item-7bc24e2\" href=\"https:\/\/wa.me\/351933764020?text=Preciso%20de%20uma%20informa%C3%A7%C3%A3o...\" target=\"_blank\">\n\t\t\t\t\t\t<span class=\"elementor-screen-only\">Whatsapp<\/span>\n\t\t\t\t\t\t<i aria-hidden=\"true\" class=\"fab fa-whatsapp\"><\/i>\t\t\t\t\t<\/a>\n\t\t\t\t<\/span>\n\t\t\t\t\t\t\t<span class=\"elementor-grid-item\" role=\"listitem\">\n\t\t\t\t\t<a class=\"elementor-icon elementor-social-icon elementor-social-icon-instagram elementor-repeater-item-731c766\" href=\"https:\/\/www.instagram.com\/gaiamoveis\/\" target=\"_blank\">\n\t\t\t\t\t\t<span class=\"elementor-screen-only\">Instagram<\/span>\n\t\t\t\t\t\t<i aria-hidden=\"true\" class=\"fab fa-instagram\"><\/i>\t\t\t\t\t<\/a>\n\t\t\t\t<\/span>\n\t\t\t\t\t\t\t<span class=\"elementor-grid-item\" role=\"listitem\">\n\t\t\t\t\t<a class=\"elementor-icon elementor-social-icon elementor-social-icon-facebook elementor-repeater-item-a85c3ad\" href=\"https:\/\/facebook.com\/gaiamoveis\/\" target=\"_blank\">\n\t\t\t\t\t\t<span class=\"elementor-screen-only\">Facebook<\/span>\n\t\t\t\t\t\t<i aria-hidden=\"true\" class=\"fab fa-facebook\"><\/i>\t\t\t\t\t<\/a>\n\t\t\t\t<\/span>\n\t\t\t\t\t<\/div>\n\t\t\t\t\t\t<\/div>\n\t\t\t\t<\/div>\n\t\t\t\t<div class=\"elementor-element elementor-element-e634151 elementor-nav-menu__align-start elementor-nav-menu--dropdown-none elementor-widget elementor-widget-nav-menu\" data-id=\"e634151\" data-element_type=\"widget\" data-e-type=\"widget\" data-settings=\"{&quot;layout&quot;:&quot;horizontal&quot;,&quot;submenu_icon&quot;:{&quot;value&quot;:&quot;&lt;i class=\\&quot;fas fa-caret-down\\&quot; aria-hidden=\\&quot;true\\&quot;&gt;&lt;\\\/i&gt;&quot;,&quot;library&quot;:&quot;fa-solid&quot;}}\" data-widget_type=\"nav-menu.default\">\n\t\t\t\t<div class=\"elementor-widget-container\">\n\t\t\t\t\t\t\t\t<nav aria-label=\"Menu\" class=\"elementor-nav-menu--main elementor-nav-menu__container elementor-nav-menu--layout-horizontal e--pointer-underline e--animation-fade\">\n\t\t\t\t<ul id=\"menu-1-e634151\" class=\"elementor-nav-menu\"><li class=\"menu-item menu-item-type-custom menu-item-object-custom menu-item-16979\"><a href=\"https:\/\/gaiamoveis.com\" class=\"elementor-item\">in\u00edcio<\/a><\/li>\n<li class=\"menu-item menu-item-type-post_type menu-item-object-page menu-item-16834\"><a href=\"https:\/\/www.gaiamoveis.com\/pt\/sofas\/\" class=\"elementor-item\">sof\u00e1s<\/a><\/li>\n<li class=\"menu-item menu-item-type-post_type menu-item-object-page menu-item-16835\"><a href=\"https:\/\/www.gaiamoveis.com\/pt\/salas\/\" class=\"elementor-item\">salas<\/a><\/li>\n<li class=\"menu-item menu-item-type-post_type menu-item-object-page menu-item-16837\"><a href=\"https:\/\/www.gaiamoveis.com\/pt\/quartos\/\" class=\"elementor-item\">quartos<\/a><\/li>\n<li class=\"menu-item menu-item-type-post_type menu-item-object-page menu-item-16833\"><a href=\"https:\/\/www.gaiamoveis.com\/pt\/decoracao-e-conforto\/\" class=\"elementor-item\">decora\u00e7\u00e3o &#038; conforto<\/a><\/li>\n<li class=\"menu-item menu-item-type-post_type menu-item-object-page menu-item-16832\"><a href=\"https:\/\/www.gaiamoveis.com\/pt\/iluminacao\/\" class=\"elementor-item\">ilumina\u00e7\u00e3o<\/a><\/li>\n<li class=\"menu-item menu-item-type-post_type menu-item-object-page menu-item-16836\"><a href=\"https:\/\/www.gaiamoveis.com\/pt\/contactos\/\" class=\"elementor-item\">Contactos<\/a><\/li>\n<\/ul>\t\t\t<\/nav>\n\t\t\t\t\t\t<nav class=\"elementor-nav-menu--dropdown elementor-nav-menu__container\" aria-hidden=\"true\">\n\t\t\t\t<ul id=\"menu-2-e634151\" class=\"elementor-nav-menu\"><li class=\"menu-item menu-item-type-custom menu-item-object-custom menu-item-16979\"><a href=\"https:\/\/gaiamoveis.com\" class=\"elementor-item\" tabindex=\"-1\">in\u00edcio<\/a><\/li>\n<li class=\"menu-item menu-item-type-post_type menu-item-object-page menu-item-16834\"><a href=\"https:\/\/www.gaiamoveis.com\/pt\/sofas\/\" class=\"elementor-item\" tabindex=\"-1\">sof\u00e1s<\/a><\/li>\n<li class=\"menu-item menu-item-type-post_type menu-item-object-page menu-item-16835\"><a href=\"https:\/\/www.gaiamoveis.com\/pt\/salas\/\" class=\"elementor-item\" tabindex=\"-1\">salas<\/a><\/li>\n<li class=\"menu-item menu-item-type-post_type menu-item-object-page menu-item-16837\"><a href=\"https:\/\/www.gaiamoveis.com\/pt\/quartos\/\" class=\"elementor-item\" tabindex=\"-1\">quartos<\/a><\/li>\n<li class=\"menu-item menu-item-type-post_type menu-item-object-page menu-item-16833\"><a href=\"https:\/\/www.gaiamoveis.com\/pt\/decoracao-e-conforto\/\" class=\"elementor-item\" tabindex=\"-1\">decora\u00e7\u00e3o &#038; conforto<\/a><\/li>\n<li class=\"menu-item menu-item-type-post_type menu-item-object-page menu-item-16832\"><a href=\"https:\/\/www.gaiamoveis.com\/pt\/iluminacao\/\" class=\"elementor-item\" tabindex=\"-1\">ilumina\u00e7\u00e3o<\/a><\/li>\n<li class=\"menu-item menu-item-type-post_type menu-item-object-page menu-item-16836\"><a href=\"https:\/\/www.gaiamoveis.com\/pt\/contactos\/\" class=\"elementor-item\" tabindex=\"-1\">Contactos<\/a><\/li>\n<\/ul>\t\t\t<\/nav>\n\t\t\t\t\t\t<\/div>\n\t\t\t\t<\/div>\n\t\t\t\t\t<\/div>\n\t\t<\/div>\n\t\t\t\t<div class=\"elementor-column elementor-col-50 elementor-inner-column elementor-element elementor-element-aa43cc1\" data-id=\"aa43cc1\" data-element_type=\"column\" data-e-type=\"column\">\n\t\t\t<div class=\"elementor-widget-wrap\">\n\t\t\t\t\t\t\t<\/div>\n\t\t<\/div>\n\t\t\t\t\t<\/div>\n\t\t<\/section>\n\t\t\t\t\t<\/div>\n\t\t<\/div>\n\t\t\t\t\t<\/div>\n\t\t<\/section>\n\t\t\t\t<\/div>\n\t\t","protected":false},"excerpt":{"rendered":"<p>Ilumina\u00e7\u00e3o Gaia M\u00f3veis Solu\u00e7\u00f5es de ilumina\u00e7\u00e3o criativas, candeeiros para interior e exterior. Finalize a sua decora\u00e7\u00e3o com um golpe de luz. Phone-alt Paper-plane Facebook-messenger Whatsapp Instagram Facebook<\/p>\n","protected":false},"author":1,"featured_media":0,"parent":0,"menu_order":0,"comment_status":"closed","ping_status":"closed","template":"elementor_header_footer","meta":{"footnotes":""},"class_list":["post-16624","page","type-page","status-publish","hentry","entry"],"_links":{"self":[{"href":"https:\/\/www.gaiamoveis.com\/pt\/wp-json\/wp\/v2\/pages\/16624","targetHints":{"allow":["GET"]}}],"collection":[{"href":"https:\/\/www.gaiamoveis.com\/pt\/wp-json\/wp\/v2\/pages"}],"about":[{"href":"https:\/\/www.gaiamoveis.com\/pt\/wp-json\/wp\/v2\/types\/page"}],"author":[{"embeddable":true,"href":"https:\/\/www.gaiamoveis.com\/pt\/wp-json\/wp\/v2\/users\/1"}],"replies":[{"embeddable":true,"href":"https:\/\/www.gaiamoveis.com\/pt\/wp-json\/wp\/v2\/comments?post=16624"}],"version-history":[{"count":40,"href":"https:\/\/www.gaiamoveis.com\/pt\/wp-json\/wp\/v2\/pages\/16624\/revisions"}],"predecessor-version":[{"id":22123,"href":"https:\/\/www.gaiamoveis.com\/pt\/wp-json\/wp\/v2\/pages\/16624\/revisions\/22123"}],"wp:attachment":[{"href":"https:\/\/www.gaiamoveis.com\/pt\/wp-json\/wp\/v2\/media?parent=16624"}],"curies":[{"name":"wp","href":"https:\/\/api.w.org\/{rel}","templated":true}]}}